{"id":13975,"date":"2025-01-12T13:30:30","date_gmt":"2025-01-12T12:30:30","guid":{"rendered":"https:\/\/www.letourbillonmineral.com\/?post_type=product&#038;p=13975"},"modified":"2025-05-05T06:58:19","modified_gmt":"2025-05-05T05:58:19","slug":"bracelet-opale-welo-3-4mm-et-argent-massif","status":"publish","type":"product","link":"https:\/\/www.letourbillonmineral.com\/en\/product\/bracelet-opale-welo-3-4mm-et-argent-massif\/","title":{"rendered":"Bracelet Opale Welo 3-4mm et Argent Massif"},"content":{"rendered":"<p style=\"text-align: center;\"><span style=\"font-family: 'Book Antiqua', Palatino;\">Bracelet en perles rondelles d&#8217;Opale Welo de 3x4mm. Le bracelet est mont\u00e9 sur un fil c\u00e2bl\u00e9 solide en acier, et les fermoirs et anneaux sont en Argent Massif.<\/span><\/p>\n<p style=\"text-align: center;\"><span style=\"font-family: Book Antiqua, Palatino;\">Longueurs disponibles (\u00e0 choisir dans le menu d\u00e9roulant) : 16cm avec extension jusqu&#8217;\u00e0 18,5cm, 18cm avec extension jusqu&#8217;\u00e0 20,5cm, 20cm avec extension jusqu&#8217;\u00e0 22,5cm.\u00a0<\/span><\/p>\n<div style=\"width: 3840px;\" class=\"wp-video\"><video class=\"wp-video-shortcode\" id=\"video-13975-1\" width=\"3840\" height=\"2160\" preload=\"metadata\" controls=\"controls\"><source type=\"video\/mp4\" src=\"https:\/\/www.letourbillonmineral.com\/wp-content\/uploads\/2025\/01\/PXL_20250111_1443460832.mp4?_=1\" \/><a href=\"https:\/\/www.letourbillonmineral.com\/wp-content\/uploads\/2025\/01\/PXL_20250111_1443460832.mp4\">https:\/\/www.letourbillonmineral.com\/wp-content\/uploads\/2025\/01\/PXL_20250111_1443460832.mp4<\/a><\/video><\/div>\n<p style=\"text-align: center;\"><span style=\"font-family: 'Book Antiqua', Palatino;\">Les Opales Welo qui orne ce bracelet en Argent viennent d&#8217;\u00c9thiopie. Ce sont des\u00a0 pierres naturelles, qui n&#8217;ont subi aucun traitement.<\/span><\/p>\n<hr \/>\n<p style=\"text-align: center;\"><span style=\"font-family: 'Book Antiqua', Palatino;\">Votre bijou vous sera envoy\u00e9 par la Poste. Pour la France, l\u2019envoi se fera en lettre suivie par d\u00e9faut. Vous pourrez \u00e9galement choisir un envoi en colissimo suivi ou lettre recommand\u00e9e remise contre signature, gratuit d\u00e8s 70\u20ac d\u2019achat.. Pour les autres pays, l&#8217;envoi se fera \u00e9galement par la Poste, en lettre suivie internationale.<\/span><\/p>\n<p style=\"text-align: center;\"><span style=\"font-family: 'Book Antiqua', Palatino;\">N&#8217;h\u00e9sitez pas \u00e0 me contacter si vous souhaitez un autre mode d&#8217;envoi.<\/span><\/p>\n<hr \/>\n<h6 class=\"Standard\" style=\"text-align: center;\"><span style=\"font-family: 'Book Antiqua', Palatino; font-size: 12pt;\"><strong><span lang=\"DE\">Conseils d\u2019entretien :<\/span><\/strong><\/span><\/h6>\n<p class=\"Standard\" style=\"text-align: center;\"><span style=\"font-family: 'Book Antiqua', Palatino; font-size: 16px;\">J\u2019ai fa\u00e7onn\u00e9 ce bracelet \u00e0 la main en argent massif (argent 950\/1000). Ici, j\u2019ai choisi de laisser l\u2019argent \u201cbrut\u201d, juste poli pour le faire briller mais sans lui appliquer de patine, car je trouve que cette teinte plus claire de l\u2019argent fait mieux ressortir les couleurs de la pierre.<\/span><span style=\"font-family: 'Book Antiqua', Palatino; font-size: 16px;\">\u00a0<\/span><\/p>\n<p class=\"Standard\" style=\"text-align: center;\"><span style=\"font-family: 'Book Antiqua', Palatino; font-size: 16px;\">Pour pr\u00e9server l&#8217;aspect de l&#8217;argent et pour ne pas ab\u00eemer la pierre, je vous recommande d\u2019enlever votre bijou pour toute baignade prolong\u00e9e (douche, bain, piscine, mer, etc\u2026), ainsi que pour pratiquer une activit\u00e9 sportive.<\/span><span style=\"font-family: 'Book Antiqua', Palatino; font-size: 16px;\">\u00a0<\/span><\/p>\n<p class=\"Standard\" style=\"text-align: center;\"><span style=\"font-family: 'Book Antiqua', Palatino; font-size: 16px;\">La couleur du m\u00e9tal pourra toutefois continuer \u00e0 \u00e9voluer au fil du temps, auquel cas un nettoyage d\u00e9licat avec une chamoisine ou un chiffon et un peu d&#8217;eau ti\u00e8de et de savon, suivi d&#8217;un s\u00e9chage \u00e0 l&#8217;air libre, lui rendra sa brillance.<\/span><span style=\"font-family: 'Book Antiqua', Palatino; font-size: 16px;\">\u00a0<\/span><\/p>\n<p class=\"Standard\" style=\"text-align: center;\"><span style=\"font-family: 'Book Antiqua', Palatino; font-size: 16px;\">Pour le pr\u00e9server, je vous conseille de conserver votre bijou dans un lieu propre et sec, \u00e0 l\u2019abri de l\u2019humidit\u00e9, dans son \u00e9crin ou sa pochette.<\/span><\/p>\n","protected":false},"excerpt":{"rendered":"<p><span style=\"font-family: 'book antiqua', palatino;\">Bracelet en perles rondelles d&#8217;Opale Welo de 3x4mm. Le bracelet est mont\u00e9 sur un fil c\u00e2bl\u00e9 solide en acier, et les fermoirs et anneaux sont en Argent Massif.<\/span><\/p>\n","protected":false},"featured_media":13976,"comment_status":"open","ping_status":"closed","template":"","meta":{"site-sidebar-layout":"default","site-content-layout":"default","ast-site-content-layout":"default","site-content-style":"default","site-sidebar-style":"default","ast-global-header-display":"","ast-banner-title-visibility":"","ast-main-header-display":"","ast-hfb-above-header-display":"","ast-hfb-below-header-display":"","ast-hfb-mobile-header-display":"","site-post-title":"","ast-breadcrumbs-content":"","ast-featured-img":"","footer-sml-layout":"","ast-disable-related-posts":"","theme-transparent-header-meta":"default","adv-header-id-meta":"","stick-header-meta":"","header-above-stick-meta":"","header-main-stick-meta":"","header-below-stick-meta":"","astra-migrate-meta-layouts":"set","ast-page-background-enabled":"default","ast-page-background-meta":{"desktop":{"background-color":"","background-image":"","background-repeat":"repeat","background-position":"center center","background-size":"auto","background-attachment":"scroll","background-type":"","background-media":"","overlay-type":"","overlay-color":"","overlay-opacity":"","overlay-gradient":""},"tablet":{"background-color":"","background-image":"","background-repeat":"repeat","background-position":"center center","background-size":"auto","background-attachment":"scroll","background-type":"","background-media":"","overlay-type":"","overlay-color":"","overlay-opacity":"","overlay-gradient":""},"mobile":{"background-color":"","background-image":"","background-repeat":"repeat","background-position":"center center","background-size":"auto","background-attachment":"scroll","background-type":"","background-media":"","overlay-type":"","overlay-color":"","overlay-opacity":"","overlay-gradient":""}},"ast-content-background-meta":{"desktop":{"background-color":"var(--ast-global-color-5)","background-image":"","background-repeat":"repeat","background-position":"center center","background-size":"auto","background-attachment":"scroll","background-type":"","background-media":"","overlay-type":"","overlay-color":"","overlay-opacity":"","overlay-gradient":""},"tablet":{"background-color":"var(--ast-global-color-5)","background-image":"","background-repeat":"repeat","background-position":"center center","background-size":"auto","background-attachment":"scroll","background-type":"","background-media":"","overlay-type":"","overlay-color":"","overlay-opacity":"","overlay-gradient":""},"mobile":{"background-color":"var(--ast-global-color-5)","background-image":"","background-repeat":"repeat","background-position":"center center","background-size":"auto","background-attachment":"scroll","background-type":"","background-media":"","overlay-type":"","overlay-color":"","overlay-opacity":"","overlay-gradient":""}}},"product_brand":[],"product_cat":[432,25,438,363],"product_tag":[],"class_list":{"0":"post-13975","1":"product","2":"type-product","3":"status-publish","4":"has-post-thumbnail","6":"product_cat-les-perles","7":"product_cat-bracelets","8":"product_cat-collection-permanente","9":"product_cat-bijoux-en-argent","10":"desktop-align-center","11":"tablet-align-left","12":"mobile-align-left","14":"first","15":"instock","16":"shipping-taxable","17":"purchasable","18":"product-type-variable"},"yoast_head":"<!-- This site is optimized with the Yoast SEO plugin v27.5 - https:\/\/yoast.com\/product\/yoast-seo-wordpress\/ -->\n<title>Bracelet Opale Welo 3-4mm et Argent Massif - Le Tourbillon Min\u00e9ral<\/title>\n<meta name=\"description\" content=\"Bracelet en perles rondelles d&#039;Opale Welo de 3x4mm. Le bracelet est mont\u00e9 sur un fil c\u00e2bl\u00e9 solide en acier, et les fermoirs et anneaux sont en Argent Massif.\" \/>\n<meta name=\"robots\" content=\"index, follow, max-snippet:-1, max-image-preview:large, max-video-preview:-1\" \/>\n<link rel=\"canonical\" href=\"https:\/\/www.letourbillonmineral.com\/en\/product\/bracelet-opale-welo-3-4mm-et-argent-massif\/\" \/>\n<meta property=\"og:locale\" content=\"en_US\" \/>\n<meta property=\"og:type\" content=\"article\" \/>\n<meta property=\"og:title\" content=\"Bracelet Opale Welo 3-4mm et Argent Massif - Le Tourbillon Min\u00e9ral\" \/>\n<meta property=\"og:description\" content=\"Bracelet en perles rondelles d&#039;Opale Welo de 3x4mm. Le bracelet est mont\u00e9 sur un fil c\u00e2bl\u00e9 solide en acier, et les fermoirs et anneaux sont en Argent Massif.\" \/>\n<meta property=\"og:url\" content=\"https:\/\/www.letourbillonmineral.com\/en\/product\/bracelet-opale-welo-3-4mm-et-argent-massif\/\" \/>\n<meta property=\"og:site_name\" content=\"Le Tourbillon Min\u00e9ral\" \/>\n<meta property=\"article:modified_time\" content=\"2025-05-05T05:58:19+00:00\" \/>\n<meta property=\"og:image\" content=\"https:\/\/www.letourbillonmineral.com\/wp-content\/uploads\/2025\/01\/PXL_20250111_144333327.PORTRAIT2.jpg\" \/>\n\t<meta property=\"og:image:width\" content=\"2268\" \/>\n\t<meta property=\"og:image:height\" content=\"2269\" \/>\n\t<meta property=\"og:image:type\" content=\"image\/jpeg\" \/>\n<meta name=\"twitter:card\" content=\"summary_large_image\" \/>\n<meta name=\"twitter:label1\" content=\"Est. reading time\" \/>\n\t<meta name=\"twitter:data1\" content=\"2 minutes\" \/>\n<script type=\"application\/ld+json\" class=\"yoast-schema-graph\">{\"@context\":\"https:\\\/\\\/schema.org\",\"@graph\":[{\"@type\":\"WebPage\",\"@id\":\"https:\\\/\\\/www.letourbillonmineral.com\\\/en\\\/product\\\/bracelet-opale-welo-3-4mm-et-argent-massif\\\/\",\"url\":\"https:\\\/\\\/www.letourbillonmineral.com\\\/en\\\/product\\\/bracelet-opale-welo-3-4mm-et-argent-massif\\\/\",\"name\":\"Bracelet Opale Welo 3-4mm et Argent Massif - Le Tourbillon Min\u00e9ral\",\"isPartOf\":{\"@id\":\"https:\\\/\\\/www.letourbillonmineral.com\\\/en\\\/#website\"},\"primaryImageOfPage\":{\"@id\":\"https:\\\/\\\/www.letourbillonmineral.com\\\/en\\\/product\\\/bracelet-opale-welo-3-4mm-et-argent-massif\\\/#primaryimage\"},\"image\":{\"@id\":\"https:\\\/\\\/www.letourbillonmineral.com\\\/en\\\/product\\\/bracelet-opale-welo-3-4mm-et-argent-massif\\\/#primaryimage\"},\"thumbnailUrl\":\"https:\\\/\\\/www.letourbillonmineral.com\\\/wp-content\\\/uploads\\\/2025\\\/01\\\/PXL_20250111_144333327.PORTRAIT2.jpg\",\"datePublished\":\"2025-01-12T12:30:30+00:00\",\"dateModified\":\"2025-05-05T05:58:19+00:00\",\"description\":\"Bracelet en perles rondelles d'Opale Welo de 3x4mm. Le bracelet est mont\u00e9 sur un fil c\u00e2bl\u00e9 solide en acier, et les fermoirs et anneaux sont en Argent Massif.\",\"breadcrumb\":{\"@id\":\"https:\\\/\\\/www.letourbillonmineral.com\\\/en\\\/product\\\/bracelet-opale-welo-3-4mm-et-argent-massif\\\/#breadcrumb\"},\"inLanguage\":\"en-US\",\"potentialAction\":[{\"@type\":\"ReadAction\",\"target\":[\"https:\\\/\\\/www.letourbillonmineral.com\\\/en\\\/product\\\/bracelet-opale-welo-3-4mm-et-argent-massif\\\/\"]}]},{\"@type\":\"ImageObject\",\"inLanguage\":\"en-US\",\"@id\":\"https:\\\/\\\/www.letourbillonmineral.com\\\/en\\\/product\\\/bracelet-opale-welo-3-4mm-et-argent-massif\\\/#primaryimage\",\"url\":\"https:\\\/\\\/www.letourbillonmineral.com\\\/wp-content\\\/uploads\\\/2025\\\/01\\\/PXL_20250111_144333327.PORTRAIT2.jpg\",\"contentUrl\":\"https:\\\/\\\/www.letourbillonmineral.com\\\/wp-content\\\/uploads\\\/2025\\\/01\\\/PXL_20250111_144333327.PORTRAIT2.jpg\",\"width\":2268,\"height\":2269},{\"@type\":\"BreadcrumbList\",\"@id\":\"https:\\\/\\\/www.letourbillonmineral.com\\\/en\\\/product\\\/bracelet-opale-welo-3-4mm-et-argent-massif\\\/#breadcrumb\",\"itemListElement\":[{\"@type\":\"ListItem\",\"position\":1,\"name\":\"Accueil\",\"item\":\"https:\\\/\\\/www.letourbillonmineral.com\\\/en\\\/\"},{\"@type\":\"ListItem\",\"position\":2,\"name\":\"Shop\",\"item\":\"https:\\\/\\\/www.letourbillonmineral.com\\\/en\\\/shop\\\/\"},{\"@type\":\"ListItem\",\"position\":3,\"name\":\"Bracelet Opale Welo 3-4mm et Argent Massif\"}]},{\"@type\":\"WebSite\",\"@id\":\"https:\\\/\\\/www.letourbillonmineral.com\\\/en\\\/#website\",\"url\":\"https:\\\/\\\/www.letourbillonmineral.com\\\/en\\\/\",\"name\":\"Le Tourbillon Min\u00e9ral\",\"description\":\"Bijoux Wire Wrap en Pierres &amp; Argent, d&#039;inspiration celtique, m\u00e9di\u00e9vale et f\u00e9erique, \u00e0 la crois\u00e9e des temps anciens et des mondes imaginaires\",\"publisher\":{\"@id\":\"https:\\\/\\\/www.letourbillonmineral.com\\\/en\\\/#organization\"},\"potentialAction\":[{\"@type\":\"SearchAction\",\"target\":{\"@type\":\"EntryPoint\",\"urlTemplate\":\"https:\\\/\\\/www.letourbillonmineral.com\\\/en\\\/?s={search_term_string}\"},\"query-input\":{\"@type\":\"PropertyValueSpecification\",\"valueRequired\":true,\"valueName\":\"search_term_string\"}}],\"inLanguage\":\"en-US\"},{\"@type\":\"Organization\",\"@id\":\"https:\\\/\\\/www.letourbillonmineral.com\\\/en\\\/#organization\",\"name\":\"Le Tourbillon Min\u00e9ral\",\"url\":\"https:\\\/\\\/www.letourbillonmineral.com\\\/en\\\/\",\"logo\":{\"@type\":\"ImageObject\",\"inLanguage\":\"en-US\",\"@id\":\"https:\\\/\\\/www.letourbillonmineral.com\\\/en\\\/#\\\/schema\\\/logo\\\/image\\\/\",\"url\":\"https:\\\/\\\/www.letourbillonmineral.com\\\/wp-content\\\/uploads\\\/2019\\\/10\\\/Ic\u00f4ne-Le-Tourbillon-Min\u00e9ral.png\",\"contentUrl\":\"https:\\\/\\\/www.letourbillonmineral.com\\\/wp-content\\\/uploads\\\/2019\\\/10\\\/Ic\u00f4ne-Le-Tourbillon-Min\u00e9ral.png\",\"width\":1000,\"height\":1000,\"caption\":\"Le Tourbillon Min\u00e9ral\"},\"image\":{\"@id\":\"https:\\\/\\\/www.letourbillonmineral.com\\\/en\\\/#\\\/schema\\\/logo\\\/image\\\/\"}}]}<\/script>\n<!-- \/ Yoast SEO plugin. -->","yoast_head_json":{"title":"Bracelet Opale Welo 3-4mm et Argent Massif - Le Tourbillon Min\u00e9ral","description":"Bracelet en perles rondelles d'Opale Welo de 3x4mm. Le bracelet est mont\u00e9 sur un fil c\u00e2bl\u00e9 solide en acier, et les fermoirs et anneaux sont en Argent Massif.","robots":{"index":"index","follow":"follow","max-snippet":"max-snippet:-1","max-image-preview":"max-image-preview:large","max-video-preview":"max-video-preview:-1"},"canonical":"https:\/\/www.letourbillonmineral.com\/en\/product\/bracelet-opale-welo-3-4mm-et-argent-massif\/","og_locale":"en_US","og_type":"article","og_title":"Bracelet Opale Welo 3-4mm et Argent Massif - Le Tourbillon Min\u00e9ral","og_description":"Bracelet en perles rondelles d'Opale Welo de 3x4mm. Le bracelet est mont\u00e9 sur un fil c\u00e2bl\u00e9 solide en acier, et les fermoirs et anneaux sont en Argent Massif.","og_url":"https:\/\/www.letourbillonmineral.com\/en\/product\/bracelet-opale-welo-3-4mm-et-argent-massif\/","og_site_name":"Le Tourbillon Min\u00e9ral","article_modified_time":"2025-05-05T05:58:19+00:00","og_image":[{"width":2268,"height":2269,"url":"https:\/\/www.letourbillonmineral.com\/wp-content\/uploads\/2025\/01\/PXL_20250111_144333327.PORTRAIT2.jpg","type":"image\/jpeg"}],"twitter_card":"summary_large_image","twitter_misc":{"Est. reading time":"2 minutes"},"schema":{"@context":"https:\/\/schema.org","@graph":[{"@type":"WebPage","@id":"https:\/\/www.letourbillonmineral.com\/en\/product\/bracelet-opale-welo-3-4mm-et-argent-massif\/","url":"https:\/\/www.letourbillonmineral.com\/en\/product\/bracelet-opale-welo-3-4mm-et-argent-massif\/","name":"Bracelet Opale Welo 3-4mm et Argent Massif - Le Tourbillon Min\u00e9ral","isPartOf":{"@id":"https:\/\/www.letourbillonmineral.com\/en\/#website"},"primaryImageOfPage":{"@id":"https:\/\/www.letourbillonmineral.com\/en\/product\/bracelet-opale-welo-3-4mm-et-argent-massif\/#primaryimage"},"image":{"@id":"https:\/\/www.letourbillonmineral.com\/en\/product\/bracelet-opale-welo-3-4mm-et-argent-massif\/#primaryimage"},"thumbnailUrl":"https:\/\/www.letourbillonmineral.com\/wp-content\/uploads\/2025\/01\/PXL_20250111_144333327.PORTRAIT2.jpg","datePublished":"2025-01-12T12:30:30+00:00","dateModified":"2025-05-05T05:58:19+00:00","description":"Bracelet en perles rondelles d'Opale Welo de 3x4mm. Le bracelet est mont\u00e9 sur un fil c\u00e2bl\u00e9 solide en acier, et les fermoirs et anneaux sont en Argent Massif.","breadcrumb":{"@id":"https:\/\/www.letourbillonmineral.com\/en\/product\/bracelet-opale-welo-3-4mm-et-argent-massif\/#breadcrumb"},"inLanguage":"en-US","potentialAction":[{"@type":"ReadAction","target":["https:\/\/www.letourbillonmineral.com\/en\/product\/bracelet-opale-welo-3-4mm-et-argent-massif\/"]}]},{"@type":"ImageObject","inLanguage":"en-US","@id":"https:\/\/www.letourbillonmineral.com\/en\/product\/bracelet-opale-welo-3-4mm-et-argent-massif\/#primaryimage","url":"https:\/\/www.letourbillonmineral.com\/wp-content\/uploads\/2025\/01\/PXL_20250111_144333327.PORTRAIT2.jpg","contentUrl":"https:\/\/www.letourbillonmineral.com\/wp-content\/uploads\/2025\/01\/PXL_20250111_144333327.PORTRAIT2.jpg","width":2268,"height":2269},{"@type":"BreadcrumbList","@id":"https:\/\/www.letourbillonmineral.com\/en\/product\/bracelet-opale-welo-3-4mm-et-argent-massif\/#breadcrumb","itemListElement":[{"@type":"ListItem","position":1,"name":"Accueil","item":"https:\/\/www.letourbillonmineral.com\/en\/"},{"@type":"ListItem","position":2,"name":"Shop","item":"https:\/\/www.letourbillonmineral.com\/en\/shop\/"},{"@type":"ListItem","position":3,"name":"Bracelet Opale Welo 3-4mm et Argent Massif"}]},{"@type":"WebSite","@id":"https:\/\/www.letourbillonmineral.com\/en\/#website","url":"https:\/\/www.letourbillonmineral.com\/en\/","name":"Le Tourbillon Min\u00e9ral","description":"Bijoux Wire Wrap en Pierres &amp; Argent, d&#039;inspiration celtique, m\u00e9di\u00e9vale et f\u00e9erique, \u00e0 la crois\u00e9e des temps anciens et des mondes imaginaires","publisher":{"@id":"https:\/\/www.letourbillonmineral.com\/en\/#organization"},"potentialAction":[{"@type":"SearchAction","target":{"@type":"EntryPoint","urlTemplate":"https:\/\/www.letourbillonmineral.com\/en\/?s={search_term_string}"},"query-input":{"@type":"PropertyValueSpecification","valueRequired":true,"valueName":"search_term_string"}}],"inLanguage":"en-US"},{"@type":"Organization","@id":"https:\/\/www.letourbillonmineral.com\/en\/#organization","name":"Le Tourbillon Min\u00e9ral","url":"https:\/\/www.letourbillonmineral.com\/en\/","logo":{"@type":"ImageObject","inLanguage":"en-US","@id":"https:\/\/www.letourbillonmineral.com\/en\/#\/schema\/logo\/image\/","url":"https:\/\/www.letourbillonmineral.com\/wp-content\/uploads\/2019\/10\/Ic\u00f4ne-Le-Tourbillon-Min\u00e9ral.png","contentUrl":"https:\/\/www.letourbillonmineral.com\/wp-content\/uploads\/2019\/10\/Ic\u00f4ne-Le-Tourbillon-Min\u00e9ral.png","width":1000,"height":1000,"caption":"Le Tourbillon Min\u00e9ral"},"image":{"@id":"https:\/\/www.letourbillonmineral.com\/en\/#\/schema\/logo\/image\/"}}]}},"_links":{"self":[{"href":"https:\/\/www.letourbillonmineral.com\/en\/wp-json\/wp\/v2\/product\/13975","targetHints":{"allow":["GET"]}}],"collection":[{"href":"https:\/\/www.letourbillonmineral.com\/en\/wp-json\/wp\/v2\/product"}],"about":[{"href":"https:\/\/www.letourbillonmineral.com\/en\/wp-json\/wp\/v2\/types\/product"}],"replies":[{"embeddable":true,"href":"https:\/\/www.letourbillonmineral.com\/en\/wp-json\/wp\/v2\/comments?post=13975"}],"wp:featuredmedia":[{"embeddable":true,"href":"https:\/\/www.letourbillonmineral.com\/en\/wp-json\/wp\/v2\/media\/13976"}],"wp:attachment":[{"href":"https:\/\/www.letourbillonmineral.com\/en\/wp-json\/wp\/v2\/media?parent=13975"}],"wp:term":[{"taxonomy":"product_brand","embeddable":true,"href":"https:\/\/www.letourbillonmineral.com\/en\/wp-json\/wp\/v2\/product_brand?post=13975"},{"taxonomy":"product_cat","embeddable":true,"href":"https:\/\/www.letourbillonmineral.com\/en\/wp-json\/wp\/v2\/product_cat?post=13975"},{"taxonomy":"product_tag","embeddable":true,"href":"https:\/\/www.letourbillonmineral.com\/en\/wp-json\/wp\/v2\/product_tag?post=13975"}],"curies":[{"name":"wp","href":"https:\/\/api.w.org\/{rel}","templated":true}]}}