{"id":15502,"date":"2025-11-26T17:08:13","date_gmt":"2025-11-26T15:08:13","guid":{"rendered":"https:\/\/www.letourbillonmineral.com\/?post_type=product&#038;p=15502"},"modified":"2025-11-26T17:25:20","modified_gmt":"2025-11-26T15:25:20","slug":"pendentif-thomsonite-et-argent-massif-2","status":"publish","type":"product","link":"https:\/\/www.letourbillonmineral.com\/en\/product\/pendentif-thomsonite-et-argent-massif-2\/","title":{"rendered":"Pendentif Thomsonite et Argent Massif"},"content":{"rendered":"<p style=\"text-align: center;\"><span style=\"font-family: 'Book Antiqua', Palatino;\">Pendentif en Argent 950 orn\u00e9 d&#8217;une jolie Thomsonite.<\/span><\/p>\n<p style=\"text-align: center;\"><span style=\"font-family: 'Book Antiqua', Palatino;\">Cr\u00e9ation unique r\u00e9alis\u00e9e \u00e0 la main dans mon atelier et poin\u00e7onn\u00e9e de mon poin\u00e7on de ma\u00eetre.<\/span><\/p>\n<p style=\"text-align: center;\"><span style=\"font-family: 'Book Antiqua', Palatino;\">Dimensions : 4 x 1,9cm<\/span><\/p>\n<p style=\"text-align: center;\"><span style=\"font-family: 'Book Antiqua', Palatino;\">Poids total du pendentif : 4,60g<\/span><\/p>\n<p>&nbsp;<\/p>\n<p style=\"text-align: center;\"><span style=\"font-family: 'Book Antiqua', Palatino;\">La Thomsonite qui orne ce pendentif en Argent vient d&#8217;Indon\u00e9sie. C&#8217;est une pierre naturelle, qui n&#8217;a subi aucun traitement.<\/span><\/p>\n<p style=\"text-align: center;\"><span style=\"font-family: Book Antiqua, Palatino;\">Pendentif vendu seul, sans cha\u00eene.<\/span><\/p>\n<hr \/>\n<p style=\"text-align: center;\"><span style=\"font-family: 'Book Antiqua', Palatino;\">Votre bijou vous sera envoy\u00e9 par la Poste. Pour la France, l\u2019envoi se fera en lettre suivie par d\u00e9faut. Vous pourrez \u00e9galement choisir un envoi en colissimo suivi ou lettre recommand\u00e9e remise contre signature, gratuit d\u00e8s 70\u20ac d\u2019achat. Pour les autres pays, l&#8217;envoi se fera \u00e9galement par la Poste, en lettre suivie internationale.<\/span><\/p>\n<p style=\"text-align: center;\"><span style=\"font-family: 'Book Antiqua', Palatino;\">N&#8217;h\u00e9sitez pas \u00e0 me contacter si vous souhaitez un autre mode d&#8217;envoi.<\/span><\/p>\n<hr \/>\n<h6 class=\"Standard\" style=\"text-align: center;\"><span style=\"font-family: 'Book Antiqua', Palatino; font-size: 12pt;\"><strong><span lang=\"DE\">Conseils d\u2019entretien :<\/span><\/strong><\/span><\/h6>\n<p class=\"Standard\" style=\"text-align: center;\"><span style=\"font-family: 'Book Antiqua', Palatino; font-size: 16px;\">J\u2019ai fa\u00e7onn\u00e9 ce pendentif \u00e0 la main en argent massif (argent 950\/1000). Ici, j\u2019ai choisi de laisser l\u2019argent \u201cbrut\u201d, juste poli pour le faire briller mais sans lui appliquer de patine, car je trouve que cette teinte plus claire de l\u2019argent fait mieux ressortir les couleurs de la pierre.<\/span><span style=\"font-family: 'Book Antiqua', Palatino; font-size: 16px;\">\u00a0<\/span><\/p>\n<p class=\"Standard\" style=\"text-align: center;\"><span style=\"font-family: 'Book Antiqua', Palatino; font-size: 16px;\">Pour pr\u00e9server l&#8217;aspect de l&#8217;argent et pour ne pas ab\u00eemer la pierre, je vous recommande d\u2019enlever votre bijou pour toute baignade prolong\u00e9e (douche, bain, piscine, mer, etc\u2026), ainsi que pour pratiquer une activit\u00e9 sportive.<\/span><span style=\"font-family: 'Book Antiqua', Palatino; font-size: 16px;\">\u00a0<\/span><\/p>\n<p class=\"Standard\" style=\"text-align: center;\"><span style=\"font-family: 'Book Antiqua', Palatino; font-size: 16px;\">La couleur du m\u00e9tal pourra toutefois continuer \u00e0 \u00e9voluer au fil du temps, auquel cas un nettoyage d\u00e9licat avec une chamoisine ou un chiffon et un peu d&#8217;eau ti\u00e8de et de savon, suivi d&#8217;un s\u00e9chage \u00e0 l&#8217;air libre, lui rendra sa brillance.<\/span><span style=\"font-family: 'Book Antiqua', Palatino; font-size: 16px;\">\u00a0<\/span><\/p>\n<p class=\"Standard\" style=\"text-align: center;\"><span style=\"font-family: 'Book Antiqua', Palatino; font-size: 16px;\">Pour le pr\u00e9server, je vous conseille de conserver votre bijou dans un lieu propre et sec, \u00e0 l\u2019abri de l\u2019humidit\u00e9, dans son \u00e9crin ou sa pochette.<\/span><\/p>\n","protected":false},"excerpt":{"rendered":"<p><span style=\"font-family: 'book antiqua', palatino;\">Pendentif en Argent 950 orn\u00e9 d&#8217;une jolie Thomsonite.<\/span><\/p>\n","protected":false},"featured_media":15507,"comment_status":"open","ping_status":"closed","template":"","meta":{"site-sidebar-layout":"default","site-content-layout":"default","ast-site-content-layout":"default","site-content-style":"default","site-sidebar-style":"default","ast-global-header-display":"","ast-banner-title-visibility":"","ast-main-header-display":"","ast-hfb-above-header-display":"","ast-hfb-below-header-display":"","ast-hfb-mobile-header-display":"","site-post-title":"","ast-breadcrumbs-content":"","ast-featured-img":"","footer-sml-layout":"","ast-disable-related-posts":"","theme-transparent-header-meta":"default","adv-header-id-meta":"","stick-header-meta":"","header-above-stick-meta":"","header-main-stick-meta":"","header-below-stick-meta":"","astra-migrate-meta-layouts":"set","ast-page-background-enabled":"default","ast-page-background-meta":{"desktop":{"background-color":"","background-image":"","background-repeat":"repeat","background-position":"center center","background-size":"auto","background-attachment":"scroll","background-type":"","background-media":"","overlay-type":"","overlay-color":"","overlay-opacity":"","overlay-gradient":""},"tablet":{"background-color":"","background-image":"","background-repeat":"repeat","background-position":"center center","background-size":"auto","background-attachment":"scroll","background-type":"","background-media":"","overlay-type":"","overlay-color":"","overlay-opacity":"","overlay-gradient":""},"mobile":{"background-color":"","background-image":"","background-repeat":"repeat","background-position":"center center","background-size":"auto","background-attachment":"scroll","background-type":"","background-media":"","overlay-type":"","overlay-color":"","overlay-opacity":"","overlay-gradient":""}},"ast-content-background-meta":{"desktop":{"background-color":"var(--ast-global-color-5)","background-image":"","background-repeat":"repeat","background-position":"center center","background-size":"auto","background-attachment":"scroll","background-type":"","background-media":"","overlay-type":"","overlay-color":"","overlay-opacity":"","overlay-gradient":""},"tablet":{"background-color":"var(--ast-global-color-5)","background-image":"","background-repeat":"repeat","background-position":"center center","background-size":"auto","background-attachment":"scroll","background-type":"","background-media":"","overlay-type":"","overlay-color":"","overlay-opacity":"","overlay-gradient":""},"mobile":{"background-color":"var(--ast-global-color-5)","background-image":"","background-repeat":"repeat","background-position":"center center","background-size":"auto","background-attachment":"scroll","background-type":"","background-media":"","overlay-type":"","overlay-color":"","overlay-opacity":"","overlay-gradient":""}}},"product_brand":[],"product_cat":[24,439,363],"product_tag":[],"class_list":{"0":"post-15502","1":"product","2":"type-product","3":"status-publish","4":"has-post-thumbnail","6":"product_cat-colliers-pendentifs","7":"product_cat-pieces-uniques","8":"product_cat-bijoux-en-argent","9":"desktop-align-center","10":"tablet-align-left","11":"mobile-align-left","13":"first","14":"instock","15":"shipping-taxable","16":"purchasable","17":"product-type-simple"},"yoast_head":"<!-- This site is optimized with the Yoast SEO plugin v27.5 - https:\/\/yoast.com\/product\/yoast-seo-wordpress\/ -->\n<title>Pendentif Thomsonite et Argent Massif - Le Tourbillon Min\u00e9ral<\/title>\n<meta name=\"description\" content=\"Pendentif en Argent 950 orn\u00e9 d&#039;une jolie Thomsonite.\" \/>\n<meta name=\"robots\" content=\"index, follow, max-snippet:-1, max-image-preview:large, max-video-preview:-1\" \/>\n<link rel=\"canonical\" href=\"https:\/\/www.letourbillonmineral.com\/en\/product\/pendentif-thomsonite-et-argent-massif-2\/\" \/>\n<meta property=\"og:locale\" content=\"en_US\" \/>\n<meta property=\"og:type\" content=\"article\" \/>\n<meta property=\"og:title\" content=\"Pendentif Thomsonite et Argent Massif - Le Tourbillon Min\u00e9ral\" \/>\n<meta property=\"og:description\" content=\"Pendentif en Argent 950 orn\u00e9 d&#039;une jolie Thomsonite.\" \/>\n<meta property=\"og:url\" content=\"https:\/\/www.letourbillonmineral.com\/en\/product\/pendentif-thomsonite-et-argent-massif-2\/\" \/>\n<meta property=\"og:site_name\" content=\"Le Tourbillon Min\u00e9ral\" \/>\n<meta property=\"article:modified_time\" content=\"2025-11-26T15:25:20+00:00\" \/>\n<meta property=\"og:image\" content=\"https:\/\/www.letourbillonmineral.com\/wp-content\/uploads\/2025\/11\/AG-25-154-1-scaled.jpg\" \/>\n\t<meta property=\"og:image:width\" content=\"2047\" \/>\n\t<meta property=\"og:image:height\" content=\"2560\" \/>\n\t<meta property=\"og:image:type\" content=\"image\/jpeg\" \/>\n<meta name=\"twitter:card\" content=\"summary_large_image\" \/>\n<meta name=\"twitter:label1\" content=\"Est. reading time\" \/>\n\t<meta name=\"twitter:data1\" content=\"2 minutes\" \/>\n<script type=\"application\/ld+json\" class=\"yoast-schema-graph\">{\"@context\":\"https:\\\/\\\/schema.org\",\"@graph\":[{\"@type\":\"WebPage\",\"@id\":\"https:\\\/\\\/www.letourbillonmineral.com\\\/en\\\/product\\\/pendentif-thomsonite-et-argent-massif-2\\\/\",\"url\":\"https:\\\/\\\/www.letourbillonmineral.com\\\/en\\\/product\\\/pendentif-thomsonite-et-argent-massif-2\\\/\",\"name\":\"Pendentif Thomsonite et Argent Massif - Le Tourbillon Min\u00e9ral\",\"isPartOf\":{\"@id\":\"https:\\\/\\\/www.letourbillonmineral.com\\\/en\\\/#website\"},\"primaryImageOfPage\":{\"@id\":\"https:\\\/\\\/www.letourbillonmineral.com\\\/en\\\/product\\\/pendentif-thomsonite-et-argent-massif-2\\\/#primaryimage\"},\"image\":{\"@id\":\"https:\\\/\\\/www.letourbillonmineral.com\\\/en\\\/product\\\/pendentif-thomsonite-et-argent-massif-2\\\/#primaryimage\"},\"thumbnailUrl\":\"https:\\\/\\\/www.letourbillonmineral.com\\\/wp-content\\\/uploads\\\/2025\\\/11\\\/AG-25-154-1-scaled.jpg\",\"datePublished\":\"2025-11-26T15:08:13+00:00\",\"dateModified\":\"2025-11-26T15:25:20+00:00\",\"description\":\"Pendentif en Argent 950 orn\u00e9 d'une jolie Thomsonite.\",\"breadcrumb\":{\"@id\":\"https:\\\/\\\/www.letourbillonmineral.com\\\/en\\\/product\\\/pendentif-thomsonite-et-argent-massif-2\\\/#breadcrumb\"},\"inLanguage\":\"en-US\",\"potentialAction\":[{\"@type\":\"ReadAction\",\"target\":[\"https:\\\/\\\/www.letourbillonmineral.com\\\/en\\\/product\\\/pendentif-thomsonite-et-argent-massif-2\\\/\"]}]},{\"@type\":\"ImageObject\",\"inLanguage\":\"en-US\",\"@id\":\"https:\\\/\\\/www.letourbillonmineral.com\\\/en\\\/product\\\/pendentif-thomsonite-et-argent-massif-2\\\/#primaryimage\",\"url\":\"https:\\\/\\\/www.letourbillonmineral.com\\\/wp-content\\\/uploads\\\/2025\\\/11\\\/AG-25-154-1-scaled.jpg\",\"contentUrl\":\"https:\\\/\\\/www.letourbillonmineral.com\\\/wp-content\\\/uploads\\\/2025\\\/11\\\/AG-25-154-1-scaled.jpg\",\"width\":2047,\"height\":2560},{\"@type\":\"BreadcrumbList\",\"@id\":\"https:\\\/\\\/www.letourbillonmineral.com\\\/en\\\/product\\\/pendentif-thomsonite-et-argent-massif-2\\\/#breadcrumb\",\"itemListElement\":[{\"@type\":\"ListItem\",\"position\":1,\"name\":\"Accueil\",\"item\":\"https:\\\/\\\/www.letourbillonmineral.com\\\/en\\\/\"},{\"@type\":\"ListItem\",\"position\":2,\"name\":\"Shop\",\"item\":\"https:\\\/\\\/www.letourbillonmineral.com\\\/en\\\/shop\\\/\"},{\"@type\":\"ListItem\",\"position\":3,\"name\":\"Pendentif Thomsonite et Argent Massif\"}]},{\"@type\":\"WebSite\",\"@id\":\"https:\\\/\\\/www.letourbillonmineral.com\\\/en\\\/#website\",\"url\":\"https:\\\/\\\/www.letourbillonmineral.com\\\/en\\\/\",\"name\":\"Le Tourbillon Min\u00e9ral\",\"description\":\"Bijoux Wire Wrap en Pierres &amp; Argent, d&#039;inspiration celtique, m\u00e9di\u00e9vale et f\u00e9erique, \u00e0 la crois\u00e9e des temps anciens et des mondes imaginaires\",\"publisher\":{\"@id\":\"https:\\\/\\\/www.letourbillonmineral.com\\\/en\\\/#organization\"},\"potentialAction\":[{\"@type\":\"SearchAction\",\"target\":{\"@type\":\"EntryPoint\",\"urlTemplate\":\"https:\\\/\\\/www.letourbillonmineral.com\\\/en\\\/?s={search_term_string}\"},\"query-input\":{\"@type\":\"PropertyValueSpecification\",\"valueRequired\":true,\"valueName\":\"search_term_string\"}}],\"inLanguage\":\"en-US\"},{\"@type\":\"Organization\",\"@id\":\"https:\\\/\\\/www.letourbillonmineral.com\\\/en\\\/#organization\",\"name\":\"Le Tourbillon Min\u00e9ral\",\"url\":\"https:\\\/\\\/www.letourbillonmineral.com\\\/en\\\/\",\"logo\":{\"@type\":\"ImageObject\",\"inLanguage\":\"en-US\",\"@id\":\"https:\\\/\\\/www.letourbillonmineral.com\\\/en\\\/#\\\/schema\\\/logo\\\/image\\\/\",\"url\":\"https:\\\/\\\/www.letourbillonmineral.com\\\/wp-content\\\/uploads\\\/2019\\\/10\\\/Ic\u00f4ne-Le-Tourbillon-Min\u00e9ral.png\",\"contentUrl\":\"https:\\\/\\\/www.letourbillonmineral.com\\\/wp-content\\\/uploads\\\/2019\\\/10\\\/Ic\u00f4ne-Le-Tourbillon-Min\u00e9ral.png\",\"width\":1000,\"height\":1000,\"caption\":\"Le Tourbillon Min\u00e9ral\"},\"image\":{\"@id\":\"https:\\\/\\\/www.letourbillonmineral.com\\\/en\\\/#\\\/schema\\\/logo\\\/image\\\/\"}}]}<\/script>\n<!-- \/ Yoast SEO plugin. -->","yoast_head_json":{"title":"Pendentif Thomsonite et Argent Massif - Le Tourbillon Min\u00e9ral","description":"Pendentif en Argent 950 orn\u00e9 d'une jolie Thomsonite.","robots":{"index":"index","follow":"follow","max-snippet":"max-snippet:-1","max-image-preview":"max-image-preview:large","max-video-preview":"max-video-preview:-1"},"canonical":"https:\/\/www.letourbillonmineral.com\/en\/product\/pendentif-thomsonite-et-argent-massif-2\/","og_locale":"en_US","og_type":"article","og_title":"Pendentif Thomsonite et Argent Massif - Le Tourbillon Min\u00e9ral","og_description":"Pendentif en Argent 950 orn\u00e9 d'une jolie Thomsonite.","og_url":"https:\/\/www.letourbillonmineral.com\/en\/product\/pendentif-thomsonite-et-argent-massif-2\/","og_site_name":"Le Tourbillon Min\u00e9ral","article_modified_time":"2025-11-26T15:25:20+00:00","og_image":[{"width":2047,"height":2560,"url":"https:\/\/www.letourbillonmineral.com\/wp-content\/uploads\/2025\/11\/AG-25-154-1-scaled.jpg","type":"image\/jpeg"}],"twitter_card":"summary_large_image","twitter_misc":{"Est. reading time":"2 minutes"},"schema":{"@context":"https:\/\/schema.org","@graph":[{"@type":"WebPage","@id":"https:\/\/www.letourbillonmineral.com\/en\/product\/pendentif-thomsonite-et-argent-massif-2\/","url":"https:\/\/www.letourbillonmineral.com\/en\/product\/pendentif-thomsonite-et-argent-massif-2\/","name":"Pendentif Thomsonite et Argent Massif - Le Tourbillon Min\u00e9ral","isPartOf":{"@id":"https:\/\/www.letourbillonmineral.com\/en\/#website"},"primaryImageOfPage":{"@id":"https:\/\/www.letourbillonmineral.com\/en\/product\/pendentif-thomsonite-et-argent-massif-2\/#primaryimage"},"image":{"@id":"https:\/\/www.letourbillonmineral.com\/en\/product\/pendentif-thomsonite-et-argent-massif-2\/#primaryimage"},"thumbnailUrl":"https:\/\/www.letourbillonmineral.com\/wp-content\/uploads\/2025\/11\/AG-25-154-1-scaled.jpg","datePublished":"2025-11-26T15:08:13+00:00","dateModified":"2025-11-26T15:25:20+00:00","description":"Pendentif en Argent 950 orn\u00e9 d'une jolie Thomsonite.","breadcrumb":{"@id":"https:\/\/www.letourbillonmineral.com\/en\/product\/pendentif-thomsonite-et-argent-massif-2\/#breadcrumb"},"inLanguage":"en-US","potentialAction":[{"@type":"ReadAction","target":["https:\/\/www.letourbillonmineral.com\/en\/product\/pendentif-thomsonite-et-argent-massif-2\/"]}]},{"@type":"ImageObject","inLanguage":"en-US","@id":"https:\/\/www.letourbillonmineral.com\/en\/product\/pendentif-thomsonite-et-argent-massif-2\/#primaryimage","url":"https:\/\/www.letourbillonmineral.com\/wp-content\/uploads\/2025\/11\/AG-25-154-1-scaled.jpg","contentUrl":"https:\/\/www.letourbillonmineral.com\/wp-content\/uploads\/2025\/11\/AG-25-154-1-scaled.jpg","width":2047,"height":2560},{"@type":"BreadcrumbList","@id":"https:\/\/www.letourbillonmineral.com\/en\/product\/pendentif-thomsonite-et-argent-massif-2\/#breadcrumb","itemListElement":[{"@type":"ListItem","position":1,"name":"Accueil","item":"https:\/\/www.letourbillonmineral.com\/en\/"},{"@type":"ListItem","position":2,"name":"Shop","item":"https:\/\/www.letourbillonmineral.com\/en\/shop\/"},{"@type":"ListItem","position":3,"name":"Pendentif Thomsonite et Argent Massif"}]},{"@type":"WebSite","@id":"https:\/\/www.letourbillonmineral.com\/en\/#website","url":"https:\/\/www.letourbillonmineral.com\/en\/","name":"Le Tourbillon Min\u00e9ral","description":"Bijoux Wire Wrap en Pierres &amp; Argent, d&#039;inspiration celtique, m\u00e9di\u00e9vale et f\u00e9erique, \u00e0 la crois\u00e9e des temps anciens et des mondes imaginaires","publisher":{"@id":"https:\/\/www.letourbillonmineral.com\/en\/#organization"},"potentialAction":[{"@type":"SearchAction","target":{"@type":"EntryPoint","urlTemplate":"https:\/\/www.letourbillonmineral.com\/en\/?s={search_term_string}"},"query-input":{"@type":"PropertyValueSpecification","valueRequired":true,"valueName":"search_term_string"}}],"inLanguage":"en-US"},{"@type":"Organization","@id":"https:\/\/www.letourbillonmineral.com\/en\/#organization","name":"Le Tourbillon Min\u00e9ral","url":"https:\/\/www.letourbillonmineral.com\/en\/","logo":{"@type":"ImageObject","inLanguage":"en-US","@id":"https:\/\/www.letourbillonmineral.com\/en\/#\/schema\/logo\/image\/","url":"https:\/\/www.letourbillonmineral.com\/wp-content\/uploads\/2019\/10\/Ic\u00f4ne-Le-Tourbillon-Min\u00e9ral.png","contentUrl":"https:\/\/www.letourbillonmineral.com\/wp-content\/uploads\/2019\/10\/Ic\u00f4ne-Le-Tourbillon-Min\u00e9ral.png","width":1000,"height":1000,"caption":"Le Tourbillon Min\u00e9ral"},"image":{"@id":"https:\/\/www.letourbillonmineral.com\/en\/#\/schema\/logo\/image\/"}}]}},"_links":{"self":[{"href":"https:\/\/www.letourbillonmineral.com\/en\/wp-json\/wp\/v2\/product\/15502","targetHints":{"allow":["GET"]}}],"collection":[{"href":"https:\/\/www.letourbillonmineral.com\/en\/wp-json\/wp\/v2\/product"}],"about":[{"href":"https:\/\/www.letourbillonmineral.com\/en\/wp-json\/wp\/v2\/types\/product"}],"replies":[{"embeddable":true,"href":"https:\/\/www.letourbillonmineral.com\/en\/wp-json\/wp\/v2\/comments?post=15502"}],"wp:featuredmedia":[{"embeddable":true,"href":"https:\/\/www.letourbillonmineral.com\/en\/wp-json\/wp\/v2\/media\/15507"}],"wp:attachment":[{"href":"https:\/\/www.letourbillonmineral.com\/en\/wp-json\/wp\/v2\/media?parent=15502"}],"wp:term":[{"taxonomy":"product_brand","embeddable":true,"href":"https:\/\/www.letourbillonmineral.com\/en\/wp-json\/wp\/v2\/product_brand?post=15502"},{"taxonomy":"product_cat","embeddable":true,"href":"https:\/\/www.letourbillonmineral.com\/en\/wp-json\/wp\/v2\/product_cat?post=15502"},{"taxonomy":"product_tag","embeddable":true,"href":"https:\/\/www.letourbillonmineral.com\/en\/wp-json\/wp\/v2\/product_tag?post=15502"}],"curies":[{"name":"wp","href":"https:\/\/api.w.org\/{rel}","templated":true}]}}