{"id":6138,"date":"2021-08-15T15:30:39","date_gmt":"2021-08-15T10:22:28","guid":{"rendered":"https:\/\/www.letourbillonmineral.com\/?post_type=product&#038;p=6138"},"modified":"2025-02-14T07:42:26","modified_gmt":"2025-02-14T06:42:26","slug":"turquoise-bunny-silver-pendant","status":"publish","type":"product","link":"https:\/\/www.letourbillonmineral.com\/en\/product\/turquoise-bunny-silver-pendant\/","title":{"rendered":"Arizona Turquoise Bunny Silver Pendant"},"content":{"rendered":"<p style=\"text-align: center;\"><span style=\"font-family: 'Book Antiqua', Palatino;\">Necklace with a bunny shaped silver pendant, adorn with an Arizona Turquoise. <\/span><\/p>\n<p style=\"text-align: center;\"><span style=\"font-family: 'Book Antiqua', Palatino;\">Unique piece handmade in my workshop and stamped with my maker&#8217;s hallmark.<\/span><\/p>\n<p style=\"text-align: center;\"><span style=\"font-family: 'Book Antiqua', Palatino;\">Size : 3,7 x 2,7cm<\/span><\/p>\n<p style=\"text-align: center;\"><span style=\"font-family: 'Book Antiqua', Palatino;\">Total weight of the pendant : 5,71g<\/span><\/p>\n<div style=\"width: 1078px;\" class=\"wp-video\"><video class=\"wp-video-shortcode\" id=\"video-6138-1\" width=\"1078\" height=\"1078\" preload=\"metadata\" controls=\"controls\"><source type=\"video\/mp4\" src=\"https:\/\/www.letourbillonmineral.com\/wp-content\/uploads\/2021\/08\/Video-AG-21-121.mp4?_=1\" \/><a href=\"https:\/\/www.letourbillonmineral.com\/wp-content\/uploads\/2021\/08\/Video-AG-21-121.mp4\">https:\/\/www.letourbillonmineral.com\/wp-content\/uploads\/2021\/08\/Video-AG-21-121.mp4<\/a><\/video><\/div>\n<p style=\"text-align: center;\"><span style=\"font-family: 'Book Antiqua', Palatino;\">The Turquoise on this bunny silver pendant comes from Arizona, USA. It\u2019s a natural stone, which has been stabilized, as are most turquoises nowadays. This treatment aims to bring them a better durability and solidity throught time, as well as preserving their color.<\/span><\/p>\n<p style=\"text-align: center;\"><span style=\"font-family: 'Book Antiqua', Palatino;\">This pendant will come on a stainless steel chain.<\/span><\/p>\n<p style=\"text-align: center;\"><span style=\"font-family: 'Book Antiqua', Palatino;\">I usually make chains of 45 cm long, but if you&#8217;d prefer another length, feel free to contact me or just leave a note stating your prefered length with your purchase! I can adapt it at no additional charge.<\/span><\/p>\n<hr>\n<p style=\"text-align: center;\"><span style=\"font-family: 'Book Antiqua', Palatino;\">Your piece of jewelry will be sent throught the French Post services. For France, it will be sent as a tracked letter by default. You can also choose to have it sent as a collissimo (with tracking), or as a tracked and signed letter, which is free for orders of 70\u20ac and more. For other countries, it will be sent as an international tracked letter.<\/span><\/p>\n<p style=\"text-align: center;\"><span style=\"font-family: 'Book Antiqua', Palatino;\">Feel free to contact me if you&#8217;d prefer to use another mail carrier, or for any other request regarding shipping.<\/span><\/p>\n<hr>\n<h6 class=\"Standard\" style=\"text-align: center;\"><span style=\"font-family: 'Book Antiqua', Palatino; font-size: 12pt;\"><strong><span lang=\"DE\">Care advices :<\/span><\/strong><\/span><\/h6>\n<p class=\"Standard\" style=\"text-align: center;\"><span style=\"font-family: 'Book Antiqua', Palatino; font-size: 16px;\">I made the wrapping around the stone by hand with solid silver wire (.950 silver). I chose to oxidize the silver to give it this ancient\/antique look, and then polished it carefully by hand to highlight the details of the wire work.<\/span><\/p>\n<p class=\"Standard\" style=\"text-align: center;\"><span style=\"font-family: 'Book Antiqua', Palatino; font-size: 16px;\"> <\/span><\/p>\n<p class=\"Standard\" style=\"text-align: center;\"><span style=\"font-family: 'Book Antiqua', Palatino; font-size: 16px;\">To preserve the silver&#8217;s look, and to protect the stone, I recommend to avoid putting your pendant in waterfor extended periods of time (bath, shower, swimming in a pool or sea, etc), and to practice physical activities.<\/span><\/p>\n<p class=\"Standard\" style=\"text-align: center;\"><span style=\"font-family: 'Book Antiqua', Palatino; font-size: 16px;\"> <\/span><\/p>\n<p class=\"Standard\" style=\"text-align: center;\"><span style=\"font-family: 'Book Antiqua', Palatino; font-size: 16px;\">The metal&#8217;s tone\/shade can still evolve with time and wear. You can clean it with a soft cloth, and some warm, soapy water, to get its original brightness back.<\/span><\/p>\n<p class=\"Standard\" style=\"text-align: center;\"><span style=\"font-family: 'Book Antiqua', Palatino; font-size: 16px;\"> <\/span><\/p>\n<p class=\"Standard\" style=\"text-align: center;\"><span style=\"font-family: 'Book Antiqua', Palatino; font-size: 16px;\">I also recommend that you store your pendant in its box while you&#8217;re not wearing it, in a clean and dry place.<\/span><\/p>\n<p class=\"Standard\"><span lang=\"DE\"> <\/span><\/p>\n","protected":false},"excerpt":{"rendered":"<p><span style=\"font-family: 'Book Antiqua', Palatino;\">Necklace with a bunny shaped silver pendant, adorn with an Arizona Turquoise. <\/span><\/p>\n","protected":false},"featured_media":6145,"comment_status":"open","ping_status":"closed","template":"","meta":{"site-sidebar-layout":"default","site-content-layout":"default","ast-site-content-layout":"default","site-content-style":"default","site-sidebar-style":"default","ast-global-header-display":"","ast-banner-title-visibility":"","ast-main-header-display":"","ast-hfb-above-header-display":"","ast-hfb-below-header-display":"","ast-hfb-mobile-header-display":"","site-post-title":"","ast-breadcrumbs-content":"","ast-featured-img":"","footer-sml-layout":"","ast-disable-related-posts":"","theme-transparent-header-meta":"default","adv-header-id-meta":"","stick-header-meta":"","header-above-stick-meta":"","header-main-stick-meta":"","header-below-stick-meta":"","astra-migrate-meta-layouts":"default","ast-page-background-enabled":"default","ast-page-background-meta":{"desktop":{"background-color":"","background-image":"","background-repeat":"repeat","background-position":"center center","background-size":"auto","background-attachment":"scroll","background-type":"","background-media":"","overlay-type":"","overlay-color":"","overlay-opacity":"","overlay-gradient":""},"tablet":{"background-color":"","background-image":"","background-repeat":"repeat","background-position":"center center","background-size":"auto","background-attachment":"scroll","background-type":"","background-media":"","overlay-type":"","overlay-color":"","overlay-opacity":"","overlay-gradient":""},"mobile":{"background-color":"","background-image":"","background-repeat":"repeat","background-position":"center center","background-size":"auto","background-attachment":"scroll","background-type":"","background-media":"","overlay-type":"","overlay-color":"","overlay-opacity":"","overlay-gradient":""}},"ast-content-background-meta":{"desktop":{"background-color":"var(--ast-global-color-5)","background-image":"","background-repeat":"repeat","background-position":"center center","background-size":"auto","background-attachment":"scroll","background-type":"","background-media":"","overlay-type":"","overlay-color":"","overlay-opacity":"","overlay-gradient":""},"tablet":{"background-color":"var(--ast-global-color-5)","background-image":"","background-repeat":"repeat","background-position":"center center","background-size":"auto","background-attachment":"scroll","background-type":"","background-media":"","overlay-type":"","overlay-color":"","overlay-opacity":"","overlay-gradient":""},"mobile":{"background-color":"var(--ast-global-color-5)","background-image":"","background-repeat":"repeat","background-position":"center center","background-size":"auto","background-attachment":"scroll","background-type":"","background-media":"","overlay-type":"","overlay-color":"","overlay-opacity":"","overlay-gradient":""}}},"product_brand":[],"product_cat":[411,391,380],"product_tag":[],"class_list":{"0":"post-6138","1":"product","2":"type-product","3":"status-publish","4":"has-post-thumbnail","6":"product_cat-creatures-symboles","7":"product_cat-necklaces-pendants","8":"product_cat-silver-jewelry","9":"desktop-align-center","10":"tablet-align-left","11":"mobile-align-left","13":"first","14":"instock","15":"shipping-taxable","16":"purchasable","17":"product-type-simple"},"yoast_head":"<!-- This site is optimized with the Yoast SEO plugin v27.5 - https:\/\/yoast.com\/product\/yoast-seo-wordpress\/ -->\n<title>Arizona Turquoise Bunny Silver Pendant - Le Tourbillon Min\u00e9ral<\/title>\n<meta name=\"description\" content=\"Necklace with a bunny shaped silver pendant, adorn with an Arizona Turquoise.\" \/>\n<meta name=\"robots\" content=\"index, follow, max-snippet:-1, max-image-preview:large, max-video-preview:-1\" \/>\n<link rel=\"canonical\" href=\"https:\/\/www.letourbillonmineral.com\/en\/product\/turquoise-bunny-silver-pendant\/\" \/>\n<meta property=\"og:locale\" content=\"en_US\" \/>\n<meta property=\"og:type\" content=\"article\" \/>\n<meta property=\"og:title\" content=\"Arizona Turquoise Bunny Silver Pendant - Le Tourbillon Min\u00e9ral\" \/>\n<meta property=\"og:description\" content=\"Necklace with a bunny shaped silver pendant, adorn with an Arizona Turquoise.\" \/>\n<meta property=\"og:url\" content=\"https:\/\/www.letourbillonmineral.com\/en\/product\/turquoise-bunny-silver-pendant\/\" \/>\n<meta property=\"og:site_name\" content=\"Le Tourbillon Min\u00e9ral\" \/>\n<meta property=\"article:modified_time\" content=\"2025-02-14T06:42:26+00:00\" \/>\n<meta property=\"og:image\" content=\"https:\/\/www.letourbillonmineral.com\/wp-content\/uploads\/2021\/08\/AG-21-121-5.jpg\" \/>\n\t<meta property=\"og:image:width\" content=\"1\" \/>\n\t<meta property=\"og:image:height\" content=\"1\" \/>\n\t<meta property=\"og:image:type\" content=\"image\/jpeg\" \/>\n<meta name=\"twitter:card\" content=\"summary_large_image\" \/>\n<meta name=\"twitter:label1\" content=\"Est. reading time\" \/>\n\t<meta name=\"twitter:data1\" content=\"2 minutes\" \/>\n<script type=\"application\/ld+json\" class=\"yoast-schema-graph\">{\"@context\":\"https:\\\/\\\/schema.org\",\"@graph\":[{\"@type\":\"WebPage\",\"@id\":\"https:\\\/\\\/www.letourbillonmineral.com\\\/en\\\/product\\\/turquoise-bunny-silver-pendant\\\/\",\"url\":\"https:\\\/\\\/www.letourbillonmineral.com\\\/en\\\/product\\\/turquoise-bunny-silver-pendant\\\/\",\"name\":\"Arizona Turquoise Bunny Silver Pendant - Le Tourbillon Min\u00e9ral\",\"isPartOf\":{\"@id\":\"https:\\\/\\\/www.letourbillonmineral.com\\\/en\\\/#website\"},\"primaryImageOfPage\":{\"@id\":\"https:\\\/\\\/www.letourbillonmineral.com\\\/en\\\/product\\\/turquoise-bunny-silver-pendant\\\/#primaryimage\"},\"image\":{\"@id\":\"https:\\\/\\\/www.letourbillonmineral.com\\\/en\\\/product\\\/turquoise-bunny-silver-pendant\\\/#primaryimage\"},\"thumbnailUrl\":\"https:\\\/\\\/www.letourbillonmineral.com\\\/wp-content\\\/uploads\\\/2021\\\/08\\\/AG-21-121-5.jpg\",\"datePublished\":\"2021-08-15T10:22:28+00:00\",\"dateModified\":\"2025-02-14T06:42:26+00:00\",\"description\":\"Necklace with a bunny shaped silver pendant, adorn with an Arizona Turquoise.\",\"breadcrumb\":{\"@id\":\"https:\\\/\\\/www.letourbillonmineral.com\\\/en\\\/product\\\/turquoise-bunny-silver-pendant\\\/#breadcrumb\"},\"inLanguage\":\"en-US\",\"potentialAction\":[{\"@type\":\"ReadAction\",\"target\":[\"https:\\\/\\\/www.letourbillonmineral.com\\\/en\\\/product\\\/turquoise-bunny-silver-pendant\\\/\"]}]},{\"@type\":\"ImageObject\",\"inLanguage\":\"en-US\",\"@id\":\"https:\\\/\\\/www.letourbillonmineral.com\\\/en\\\/product\\\/turquoise-bunny-silver-pendant\\\/#primaryimage\",\"url\":\"https:\\\/\\\/www.letourbillonmineral.com\\\/wp-content\\\/uploads\\\/2021\\\/08\\\/AG-21-121-5.jpg\",\"contentUrl\":\"https:\\\/\\\/www.letourbillonmineral.com\\\/wp-content\\\/uploads\\\/2021\\\/08\\\/AG-21-121-5.jpg\"},{\"@type\":\"BreadcrumbList\",\"@id\":\"https:\\\/\\\/www.letourbillonmineral.com\\\/en\\\/product\\\/turquoise-bunny-silver-pendant\\\/#breadcrumb\",\"itemListElement\":[{\"@type\":\"ListItem\",\"position\":1,\"name\":\"Accueil\",\"item\":\"https:\\\/\\\/www.letourbillonmineral.com\\\/en\\\/\"},{\"@type\":\"ListItem\",\"position\":2,\"name\":\"Shop\",\"item\":\"https:\\\/\\\/www.letourbillonmineral.com\\\/en\\\/shop\\\/\"},{\"@type\":\"ListItem\",\"position\":3,\"name\":\"Arizona Turquoise Bunny Silver Pendant\"}]},{\"@type\":\"WebSite\",\"@id\":\"https:\\\/\\\/www.letourbillonmineral.com\\\/en\\\/#website\",\"url\":\"https:\\\/\\\/www.letourbillonmineral.com\\\/en\\\/\",\"name\":\"Le Tourbillon Min\u00e9ral\",\"description\":\"Bijoux Wire Wrap en Pierres &amp; Argent, d&#039;inspiration celtique, m\u00e9di\u00e9vale et f\u00e9erique, \u00e0 la crois\u00e9e des temps anciens et des mondes imaginaires\",\"publisher\":{\"@id\":\"https:\\\/\\\/www.letourbillonmineral.com\\\/en\\\/#organization\"},\"potentialAction\":[{\"@type\":\"SearchAction\",\"target\":{\"@type\":\"EntryPoint\",\"urlTemplate\":\"https:\\\/\\\/www.letourbillonmineral.com\\\/en\\\/?s={search_term_string}\"},\"query-input\":{\"@type\":\"PropertyValueSpecification\",\"valueRequired\":true,\"valueName\":\"search_term_string\"}}],\"inLanguage\":\"en-US\"},{\"@type\":\"Organization\",\"@id\":\"https:\\\/\\\/www.letourbillonmineral.com\\\/en\\\/#organization\",\"name\":\"Le Tourbillon Min\u00e9ral\",\"url\":\"https:\\\/\\\/www.letourbillonmineral.com\\\/en\\\/\",\"logo\":{\"@type\":\"ImageObject\",\"inLanguage\":\"en-US\",\"@id\":\"https:\\\/\\\/www.letourbillonmineral.com\\\/en\\\/#\\\/schema\\\/logo\\\/image\\\/\",\"url\":\"https:\\\/\\\/www.letourbillonmineral.com\\\/wp-content\\\/uploads\\\/2019\\\/10\\\/Ic\u00f4ne-Le-Tourbillon-Min\u00e9ral.png\",\"contentUrl\":\"https:\\\/\\\/www.letourbillonmineral.com\\\/wp-content\\\/uploads\\\/2019\\\/10\\\/Ic\u00f4ne-Le-Tourbillon-Min\u00e9ral.png\",\"width\":1000,\"height\":1000,\"caption\":\"Le Tourbillon Min\u00e9ral\"},\"image\":{\"@id\":\"https:\\\/\\\/www.letourbillonmineral.com\\\/en\\\/#\\\/schema\\\/logo\\\/image\\\/\"}}]}<\/script>\n<!-- \/ Yoast SEO plugin. -->","yoast_head_json":{"title":"Arizona Turquoise Bunny Silver Pendant - Le Tourbillon Min\u00e9ral","description":"Necklace with a bunny shaped silver pendant, adorn with an Arizona Turquoise.","robots":{"index":"index","follow":"follow","max-snippet":"max-snippet:-1","max-image-preview":"max-image-preview:large","max-video-preview":"max-video-preview:-1"},"canonical":"https:\/\/www.letourbillonmineral.com\/en\/product\/turquoise-bunny-silver-pendant\/","og_locale":"en_US","og_type":"article","og_title":"Arizona Turquoise Bunny Silver Pendant - Le Tourbillon Min\u00e9ral","og_description":"Necklace with a bunny shaped silver pendant, adorn with an Arizona Turquoise.","og_url":"https:\/\/www.letourbillonmineral.com\/en\/product\/turquoise-bunny-silver-pendant\/","og_site_name":"Le Tourbillon Min\u00e9ral","article_modified_time":"2025-02-14T06:42:26+00:00","og_image":[{"url":"https:\/\/www.letourbillonmineral.com\/wp-content\/uploads\/2021\/08\/AG-21-121-5.jpg","width":1,"height":1,"type":"image\/jpeg"}],"twitter_card":"summary_large_image","twitter_misc":{"Est. reading time":"2 minutes"},"schema":{"@context":"https:\/\/schema.org","@graph":[{"@type":"WebPage","@id":"https:\/\/www.letourbillonmineral.com\/en\/product\/turquoise-bunny-silver-pendant\/","url":"https:\/\/www.letourbillonmineral.com\/en\/product\/turquoise-bunny-silver-pendant\/","name":"Arizona Turquoise Bunny Silver Pendant - Le Tourbillon Min\u00e9ral","isPartOf":{"@id":"https:\/\/www.letourbillonmineral.com\/en\/#website"},"primaryImageOfPage":{"@id":"https:\/\/www.letourbillonmineral.com\/en\/product\/turquoise-bunny-silver-pendant\/#primaryimage"},"image":{"@id":"https:\/\/www.letourbillonmineral.com\/en\/product\/turquoise-bunny-silver-pendant\/#primaryimage"},"thumbnailUrl":"https:\/\/www.letourbillonmineral.com\/wp-content\/uploads\/2021\/08\/AG-21-121-5.jpg","datePublished":"2021-08-15T10:22:28+00:00","dateModified":"2025-02-14T06:42:26+00:00","description":"Necklace with a bunny shaped silver pendant, adorn with an Arizona Turquoise.","breadcrumb":{"@id":"https:\/\/www.letourbillonmineral.com\/en\/product\/turquoise-bunny-silver-pendant\/#breadcrumb"},"inLanguage":"en-US","potentialAction":[{"@type":"ReadAction","target":["https:\/\/www.letourbillonmineral.com\/en\/product\/turquoise-bunny-silver-pendant\/"]}]},{"@type":"ImageObject","inLanguage":"en-US","@id":"https:\/\/www.letourbillonmineral.com\/en\/product\/turquoise-bunny-silver-pendant\/#primaryimage","url":"https:\/\/www.letourbillonmineral.com\/wp-content\/uploads\/2021\/08\/AG-21-121-5.jpg","contentUrl":"https:\/\/www.letourbillonmineral.com\/wp-content\/uploads\/2021\/08\/AG-21-121-5.jpg"},{"@type":"BreadcrumbList","@id":"https:\/\/www.letourbillonmineral.com\/en\/product\/turquoise-bunny-silver-pendant\/#breadcrumb","itemListElement":[{"@type":"ListItem","position":1,"name":"Accueil","item":"https:\/\/www.letourbillonmineral.com\/en\/"},{"@type":"ListItem","position":2,"name":"Shop","item":"https:\/\/www.letourbillonmineral.com\/en\/shop\/"},{"@type":"ListItem","position":3,"name":"Arizona Turquoise Bunny Silver Pendant"}]},{"@type":"WebSite","@id":"https:\/\/www.letourbillonmineral.com\/en\/#website","url":"https:\/\/www.letourbillonmineral.com\/en\/","name":"Le Tourbillon Min\u00e9ral","description":"Bijoux Wire Wrap en Pierres &amp; Argent, d&#039;inspiration celtique, m\u00e9di\u00e9vale et f\u00e9erique, \u00e0 la crois\u00e9e des temps anciens et des mondes imaginaires","publisher":{"@id":"https:\/\/www.letourbillonmineral.com\/en\/#organization"},"potentialAction":[{"@type":"SearchAction","target":{"@type":"EntryPoint","urlTemplate":"https:\/\/www.letourbillonmineral.com\/en\/?s={search_term_string}"},"query-input":{"@type":"PropertyValueSpecification","valueRequired":true,"valueName":"search_term_string"}}],"inLanguage":"en-US"},{"@type":"Organization","@id":"https:\/\/www.letourbillonmineral.com\/en\/#organization","name":"Le Tourbillon Min\u00e9ral","url":"https:\/\/www.letourbillonmineral.com\/en\/","logo":{"@type":"ImageObject","inLanguage":"en-US","@id":"https:\/\/www.letourbillonmineral.com\/en\/#\/schema\/logo\/image\/","url":"https:\/\/www.letourbillonmineral.com\/wp-content\/uploads\/2019\/10\/Ic\u00f4ne-Le-Tourbillon-Min\u00e9ral.png","contentUrl":"https:\/\/www.letourbillonmineral.com\/wp-content\/uploads\/2019\/10\/Ic\u00f4ne-Le-Tourbillon-Min\u00e9ral.png","width":1000,"height":1000,"caption":"Le Tourbillon Min\u00e9ral"},"image":{"@id":"https:\/\/www.letourbillonmineral.com\/en\/#\/schema\/logo\/image\/"}}]}},"_links":{"self":[{"href":"https:\/\/www.letourbillonmineral.com\/en\/wp-json\/wp\/v2\/product\/6138","targetHints":{"allow":["GET"]}}],"collection":[{"href":"https:\/\/www.letourbillonmineral.com\/en\/wp-json\/wp\/v2\/product"}],"about":[{"href":"https:\/\/www.letourbillonmineral.com\/en\/wp-json\/wp\/v2\/types\/product"}],"replies":[{"embeddable":true,"href":"https:\/\/www.letourbillonmineral.com\/en\/wp-json\/wp\/v2\/comments?post=6138"}],"wp:featuredmedia":[{"embeddable":true,"href":"https:\/\/www.letourbillonmineral.com\/en\/wp-json\/wp\/v2\/media\/6145"}],"wp:attachment":[{"href":"https:\/\/www.letourbillonmineral.com\/en\/wp-json\/wp\/v2\/media?parent=6138"}],"wp:term":[{"taxonomy":"product_brand","embeddable":true,"href":"https:\/\/www.letourbillonmineral.com\/en\/wp-json\/wp\/v2\/product_brand?post=6138"},{"taxonomy":"product_cat","embeddable":true,"href":"https:\/\/www.letourbillonmineral.com\/en\/wp-json\/wp\/v2\/product_cat?post=6138"},{"taxonomy":"product_tag","embeddable":true,"href":"https:\/\/www.letourbillonmineral.com\/en\/wp-json\/wp\/v2\/product_tag?post=6138"}],"curies":[{"name":"wp","href":"https:\/\/api.w.org\/{rel}","templated":true}]}}