{"id":8063,"date":"2022-02-16T15:39:38","date_gmt":"2022-02-16T13:59:46","guid":{"rendered":"https:\/\/www.letourbillonmineral.com\/produit\/the-rainbow-deer-silver-necklace\/"},"modified":"2022-02-16T15:07:14","modified_gmt":"2022-02-16T14:07:14","slug":"the-rainbow-deer-silver-necklace","status":"publish","type":"product","link":"https:\/\/www.letourbillonmineral.com\/en\/product\/the-rainbow-deer-silver-necklace\/","title":{"rendered":"~ The Rainbow Deer ~ Silver Necklace"},"content":{"rendered":"<p style=\"text-align: center;\"><span style=\"font-family: 'Book Antiqua', Palatino;\">The ~ Rainbow Deer ~ silver necklace holds in the center of its massive pendant a breath-taking Lodolite Quartz which reveals through its transparency an intaglio carving representing a deer, as standing on the inclusions of the quartz.<\/span><\/p>\n<p style=\"text-align: center;\"><span style=\"font-family: 'Book Antiqua', Palatino;\">Two rows of rainbow gems frame and highlight the quart&#8217;s clarity.<\/span><\/p>\n<p style=\"text-align: center;\"><span style=\"font-family: 'Book Antiqua', Palatino;\">A 45cm long sterling silver snake chain is included with the pendant.<\/span><\/p>\n<p style=\"text-align: center;\"><span style=\"font-family: 'Book Antiqua', Palatino;\">Unique piece handmade in my workshop and stamped with my maker&#8217;s hallmark.<\/span><\/p>\n<p style=\"text-align: center;\"><span style=\"font-family: 'Book Antiqua', Palatino;\">Size : 10 x 3,7cm<\/span><\/p>\n<p style=\"text-align: center;\"><span style=\"font-family: 'Book Antiqua', Palatino;\">Total weight of the necklace : 44,92g <\/span><\/p>\n<p style=\"text-align: center;\"><span style=\"font-family: 'Book Antiqua', Palatino;\">Total weight of the stones : 18,00g<\/span><\/p>\n<div style=\"width: 1080px;\" class=\"wp-video\"><video class=\"wp-video-shortcode\" id=\"video-8063-1\" width=\"1080\" height=\"1920\" preload=\"metadata\" controls=\"controls\"><source type=\"video\/mp4\" src=\"https:\/\/www.letourbillonmineral.com\/wp-content\/uploads\/2022\/02\/Video-AG-22-030.mp4?_=1\" \/><a href=\"https:\/\/www.letourbillonmineral.com\/wp-content\/uploads\/2022\/02\/Video-AG-22-030.mp4\">https:\/\/www.letourbillonmineral.com\/wp-content\/uploads\/2022\/02\/Video-AG-22-030.mp4<\/a><\/video><\/div>\n<p style=\"text-align: center;\"><span style=\"font-family: 'Book Antiqua', Palatino;\">The Lodolite Quartz (also called Garden Quartz) on this rainbow silver necklace comes from Brazil. It&#8217;s a natural stone, which hasn&#8217;t received any kind of treatment.<\/span><\/p>\n<p style=\"text-align: center;\"><span style=\"font-family: 'Book Antiqua', Palatino;\">Details of the stones in the rainbow :<\/span><\/p>\n<p style=\"text-align: center;\"><span style=\"font-family: 'Book Antiqua', Palatino;\">Red : Garnet (from Madagascar)<\/span><\/p>\n<p style=\"text-align: center;\"><span style=\"font-family: 'Book Antiqua', Palatino;\">Orange : Peach Moonstone (from Madagascar)<\/span><\/p>\n<p style=\"text-align: center;\"><span style=\"font-family: 'Book Antiqua', Palatino;\">Yellow : Serpentine (from Brazil)<\/span><\/p>\n<p style=\"text-align: center;\"><span style=\"font-family: 'Book Antiqua', Palatino;\">Green : Serpentine (from India)<\/span><\/p>\n<p style=\"text-align: center;\"><span style=\"font-family: 'Book Antiqua', Palatino;\">Light Blue : Turquoise (from Arizona, USA)<\/span><\/p>\n<p style=\"text-align: center;\"><span style=\"font-family: 'Book Antiqua', Palatino;\">Dark Blue : Kyanite (from Nepal)<\/span><\/p>\n<p style=\"text-align: center;\"><span style=\"font-family: 'Book Antiqua', Palatino;\">Purple : Amethyst (from Zambia)<\/span><\/p>\n<p style=\"text-align: center;\"><span style=\"font-family: 'Book Antiqua', Palatino;\">All these stones are natural, and haven\u2019t received any treatment, except for the Turquoise which has been stabilized. <\/span><\/p>\n<hr>\n<p style=\"text-align: center;\"><span style=\"font-family: 'Book Antiqua', Palatino;\">Your piece of jewelry will be sent throught the French Post services. For France, it will be sent as a tracked and signed letter, with insurance. For other countries, it will also be sent with tracking, insurance and signature upon delivery.<\/span><\/p>\n<p style=\"text-align: center;\"><span style=\"font-family: 'Book Antiqua', Palatino;\">Feel free to contact me if you\u2019d prefer to have it shipped with a different method, such as an other shipping carrier.<\/span><\/p>\n<hr>\n<h6 class=\"Standard\" style=\"text-align: center;\"><span style=\"font-family: 'Book Antiqua', Palatino; font-size: 12pt;\"><strong><span lang=\"DE\">Care advices :<\/span><\/strong><\/span><\/h6>\n<p class=\"Standard\" style=\"text-align: center;\"><span style=\"font-family: 'Book Antiqua', Palatino; font-size: 16px;\">I made the wrapping around the stone by hand with solid silver wire (.925 and .950 silver). Here, I chose to keep the silver\u2019s natural color, and just polished it carefully by hand to highlight the details of the wire work.<\/span><span style=\"font-family: 'Book Antiqua', Palatino; font-size: 16px;\"> <\/span><\/p>\n<p class=\"Standard\" style=\"text-align: center;\"><span style=\"font-family: 'Book Antiqua', Palatino; font-size: 16px;\">To preserve the silver&#8217;s look, and to protect the stone, I recommend to avoid putting your pendant in waterfor extended periods of time (bath, shower, swimming in a pool or sea, etc), and to practice physical activities.<\/span><span style=\"font-family: 'Book Antiqua', Palatino; font-size: 16px;\"> <\/span><\/p>\n<p class=\"Standard\" style=\"text-align: center;\"><span style=\"font-family: 'Book Antiqua', Palatino; font-size: 16px;\">The metal&#8217;s tone\/shade can still evolve with time and wear. You can clean it with a soft cloth, and some warm, soapy water, to get its original brightness back.<\/span><span style=\"font-family: 'Book Antiqua', Palatino; font-size: 16px;\"> <\/span><\/p>\n<p class=\"Standard\" style=\"text-align: center;\"><span style=\"font-family: 'Book Antiqua', Palatino; font-size: 16px;\">I also recommend that you store your pendant in its box while you&#8217;re not wearing it, in a clean and dry place.<\/span><\/p>\n","protected":false},"excerpt":{"rendered":"<p><span style=\"font-family: 'Book Antiqua', Palatino;\">The ~ Rainbow Deer ~ silver necklace holds in the center of its massive pendant a breath-taking Lodolite Quartz which reveals through its transparency an intaglio carving representing a deer, as standing on the inclusions of the quartz. <\/span><\/p>\n<p><span style=\"font-family: 'Book Antiqua', Palatino;\">Size : 10 x 3,7cm<\/span><\/p>\n<p>&nbsp;<\/p>\n","protected":false},"featured_media":8059,"comment_status":"open","ping_status":"closed","template":"","meta":{"site-sidebar-layout":"default","site-content-layout":"default","ast-site-content-layout":"default","site-content-style":"default","site-sidebar-style":"default","ast-global-header-display":"","ast-banner-title-visibility":"","ast-main-header-display":"","ast-hfb-above-header-display":"","ast-hfb-below-header-display":"","ast-hfb-mobile-header-display":"","site-post-title":"","ast-breadcrumbs-content":"","ast-featured-img":"","footer-sml-layout":"","ast-disable-related-posts":"","theme-transparent-header-meta":"default","adv-header-id-meta":"","stick-header-meta":"","header-above-stick-meta":"","header-main-stick-meta":"","header-below-stick-meta":"","astra-migrate-meta-layouts":"default","ast-page-background-enabled":"default","ast-page-background-meta":{"desktop":{"background-color":"","background-image":"","background-repeat":"repeat","background-position":"center center","background-size":"auto","background-attachment":"scroll","background-type":"","background-media":"","overlay-type":"","overlay-color":"","overlay-opacity":"","overlay-gradient":""},"tablet":{"background-color":"","background-image":"","background-repeat":"repeat","background-position":"center center","background-size":"auto","background-attachment":"scroll","background-type":"","background-media":"","overlay-type":"","overlay-color":"","overlay-opacity":"","overlay-gradient":""},"mobile":{"background-color":"","background-image":"","background-repeat":"repeat","background-position":"center center","background-size":"auto","background-attachment":"scroll","background-type":"","background-media":"","overlay-type":"","overlay-color":"","overlay-opacity":"","overlay-gradient":""}},"ast-content-background-meta":{"desktop":{"background-color":"var(--ast-global-color-5)","background-image":"","background-repeat":"repeat","background-position":"center center","background-size":"auto","background-attachment":"scroll","background-type":"","background-media":"","overlay-type":"","overlay-color":"","overlay-opacity":"","overlay-gradient":""},"tablet":{"background-color":"var(--ast-global-color-5)","background-image":"","background-repeat":"repeat","background-position":"center center","background-size":"auto","background-attachment":"scroll","background-type":"","background-media":"","overlay-type":"","overlay-color":"","overlay-opacity":"","overlay-gradient":""},"mobile":{"background-color":"var(--ast-global-color-5)","background-image":"","background-repeat":"repeat","background-position":"center center","background-size":"auto","background-attachment":"scroll","background-type":"","background-media":"","overlay-type":"","overlay-color":"","overlay-opacity":"","overlay-gradient":""}}},"product_brand":[],"product_cat":[363],"product_tag":[],"class_list":{"0":"post-8063","1":"product","2":"type-product","3":"status-publish","4":"has-post-thumbnail","6":"product_cat-bijoux-en-argent","7":"desktop-align-center","8":"tablet-align-left","9":"mobile-align-left","11":"first","12":"outofstock","13":"shipping-taxable","14":"purchasable","15":"product-type-simple"},"yoast_head":"<!-- This site is optimized with the Yoast SEO plugin v27.5 - https:\/\/yoast.com\/product\/yoast-seo-wordpress\/ -->\n<title>~ The Rainbow Deer ~ Silver Necklace - Le Tourbillon Min\u00e9ral<\/title>\n<meta name=\"description\" content=\"The ~ Rainbow Deer ~ silver necklace holds in the center of its massive pendant a breath-taking Lodolite Quartz which reveals through its transparency an intaglio carving representing a deer, as standing on the inclusions of the quartz.\" \/>\n<meta name=\"robots\" content=\"index, follow, max-snippet:-1, max-image-preview:large, max-video-preview:-1\" \/>\n<link rel=\"canonical\" href=\"https:\/\/www.letourbillonmineral.com\/en\/product\/the-rainbow-deer-silver-necklace\/\" \/>\n<meta property=\"og:locale\" content=\"en_US\" \/>\n<meta property=\"og:type\" content=\"article\" \/>\n<meta property=\"og:title\" content=\"~ The Rainbow Deer ~ Silver Necklace - Le Tourbillon Min\u00e9ral\" \/>\n<meta property=\"og:description\" content=\"The ~ Rainbow Deer ~ silver necklace holds in the center of its massive pendant a breath-taking Lodolite Quartz which reveals through its transparency an intaglio carving representing a deer, as standing on the inclusions of the quartz.\" \/>\n<meta property=\"og:url\" content=\"https:\/\/www.letourbillonmineral.com\/en\/product\/the-rainbow-deer-silver-necklace\/\" \/>\n<meta property=\"og:site_name\" content=\"Le Tourbillon Min\u00e9ral\" \/>\n<meta property=\"article:modified_time\" content=\"2022-02-16T14:07:14+00:00\" \/>\n<meta property=\"og:image\" content=\"https:\/\/www.letourbillonmineral.com\/wp-content\/uploads\/2022\/02\/AG-22-030-12-scaled.jpg\" \/>\n\t<meta property=\"og:image:width\" content=\"2560\" \/>\n\t<meta property=\"og:image:height\" content=\"2560\" \/>\n\t<meta property=\"og:image:type\" content=\"image\/jpeg\" \/>\n<meta name=\"twitter:card\" content=\"summary_large_image\" \/>\n<meta name=\"twitter:label1\" content=\"Est. reading time\" \/>\n\t<meta name=\"twitter:data1\" content=\"2 minutes\" \/>\n<script type=\"application\/ld+json\" class=\"yoast-schema-graph\">{\"@context\":\"https:\\\/\\\/schema.org\",\"@graph\":[{\"@type\":\"WebPage\",\"@id\":\"https:\\\/\\\/www.letourbillonmineral.com\\\/en\\\/product\\\/the-rainbow-deer-silver-necklace\\\/\",\"url\":\"https:\\\/\\\/www.letourbillonmineral.com\\\/en\\\/product\\\/the-rainbow-deer-silver-necklace\\\/\",\"name\":\"~ The Rainbow Deer ~ Silver Necklace - Le Tourbillon Min\u00e9ral\",\"isPartOf\":{\"@id\":\"https:\\\/\\\/www.letourbillonmineral.com\\\/en\\\/#website\"},\"primaryImageOfPage\":{\"@id\":\"https:\\\/\\\/www.letourbillonmineral.com\\\/en\\\/product\\\/the-rainbow-deer-silver-necklace\\\/#primaryimage\"},\"image\":{\"@id\":\"https:\\\/\\\/www.letourbillonmineral.com\\\/en\\\/product\\\/the-rainbow-deer-silver-necklace\\\/#primaryimage\"},\"thumbnailUrl\":\"https:\\\/\\\/www.letourbillonmineral.com\\\/wp-content\\\/uploads\\\/2022\\\/02\\\/AG-22-030-12-scaled.jpg\",\"datePublished\":\"2022-02-16T13:59:46+00:00\",\"dateModified\":\"2022-02-16T14:07:14+00:00\",\"description\":\"The ~ Rainbow Deer ~ silver necklace holds in the center of its massive pendant a breath-taking Lodolite Quartz which reveals through its transparency an intaglio carving representing a deer, as standing on the inclusions of the quartz.\",\"breadcrumb\":{\"@id\":\"https:\\\/\\\/www.letourbillonmineral.com\\\/en\\\/product\\\/the-rainbow-deer-silver-necklace\\\/#breadcrumb\"},\"inLanguage\":\"en-US\",\"potentialAction\":[{\"@type\":\"ReadAction\",\"target\":[\"https:\\\/\\\/www.letourbillonmineral.com\\\/en\\\/product\\\/the-rainbow-deer-silver-necklace\\\/\"]}]},{\"@type\":\"ImageObject\",\"inLanguage\":\"en-US\",\"@id\":\"https:\\\/\\\/www.letourbillonmineral.com\\\/en\\\/product\\\/the-rainbow-deer-silver-necklace\\\/#primaryimage\",\"url\":\"https:\\\/\\\/www.letourbillonmineral.com\\\/wp-content\\\/uploads\\\/2022\\\/02\\\/AG-22-030-12-scaled.jpg\",\"contentUrl\":\"https:\\\/\\\/www.letourbillonmineral.com\\\/wp-content\\\/uploads\\\/2022\\\/02\\\/AG-22-030-12-scaled.jpg\",\"width\":2560,\"height\":2560},{\"@type\":\"BreadcrumbList\",\"@id\":\"https:\\\/\\\/www.letourbillonmineral.com\\\/en\\\/product\\\/the-rainbow-deer-silver-necklace\\\/#breadcrumb\",\"itemListElement\":[{\"@type\":\"ListItem\",\"position\":1,\"name\":\"Accueil\",\"item\":\"https:\\\/\\\/www.letourbillonmineral.com\\\/en\\\/\"},{\"@type\":\"ListItem\",\"position\":2,\"name\":\"Shop\",\"item\":\"https:\\\/\\\/www.letourbillonmineral.com\\\/en\\\/shop\\\/\"},{\"@type\":\"ListItem\",\"position\":3,\"name\":\"~ The Rainbow Deer ~ Silver Necklace\"}]},{\"@type\":\"WebSite\",\"@id\":\"https:\\\/\\\/www.letourbillonmineral.com\\\/en\\\/#website\",\"url\":\"https:\\\/\\\/www.letourbillonmineral.com\\\/en\\\/\",\"name\":\"Le Tourbillon Min\u00e9ral\",\"description\":\"Bijoux Wire Wrap en Pierres &amp; Argent, d&#039;inspiration celtique, m\u00e9di\u00e9vale et f\u00e9erique, \u00e0 la crois\u00e9e des temps anciens et des mondes imaginaires\",\"publisher\":{\"@id\":\"https:\\\/\\\/www.letourbillonmineral.com\\\/en\\\/#organization\"},\"potentialAction\":[{\"@type\":\"SearchAction\",\"target\":{\"@type\":\"EntryPoint\",\"urlTemplate\":\"https:\\\/\\\/www.letourbillonmineral.com\\\/en\\\/?s={search_term_string}\"},\"query-input\":{\"@type\":\"PropertyValueSpecification\",\"valueRequired\":true,\"valueName\":\"search_term_string\"}}],\"inLanguage\":\"en-US\"},{\"@type\":\"Organization\",\"@id\":\"https:\\\/\\\/www.letourbillonmineral.com\\\/en\\\/#organization\",\"name\":\"Le Tourbillon Min\u00e9ral\",\"url\":\"https:\\\/\\\/www.letourbillonmineral.com\\\/en\\\/\",\"logo\":{\"@type\":\"ImageObject\",\"inLanguage\":\"en-US\",\"@id\":\"https:\\\/\\\/www.letourbillonmineral.com\\\/en\\\/#\\\/schema\\\/logo\\\/image\\\/\",\"url\":\"https:\\\/\\\/www.letourbillonmineral.com\\\/wp-content\\\/uploads\\\/2019\\\/10\\\/Ic\u00f4ne-Le-Tourbillon-Min\u00e9ral.png\",\"contentUrl\":\"https:\\\/\\\/www.letourbillonmineral.com\\\/wp-content\\\/uploads\\\/2019\\\/10\\\/Ic\u00f4ne-Le-Tourbillon-Min\u00e9ral.png\",\"width\":1000,\"height\":1000,\"caption\":\"Le Tourbillon Min\u00e9ral\"},\"image\":{\"@id\":\"https:\\\/\\\/www.letourbillonmineral.com\\\/en\\\/#\\\/schema\\\/logo\\\/image\\\/\"}}]}<\/script>\n<!-- \/ Yoast SEO plugin. -->","yoast_head_json":{"title":"~ The Rainbow Deer ~ Silver Necklace - Le Tourbillon Min\u00e9ral","description":"The ~ Rainbow Deer ~ silver necklace holds in the center of its massive pendant a breath-taking Lodolite Quartz which reveals through its transparency an intaglio carving representing a deer, as standing on the inclusions of the quartz.","robots":{"index":"index","follow":"follow","max-snippet":"max-snippet:-1","max-image-preview":"max-image-preview:large","max-video-preview":"max-video-preview:-1"},"canonical":"https:\/\/www.letourbillonmineral.com\/en\/product\/the-rainbow-deer-silver-necklace\/","og_locale":"en_US","og_type":"article","og_title":"~ The Rainbow Deer ~ Silver Necklace - Le Tourbillon Min\u00e9ral","og_description":"The ~ Rainbow Deer ~ silver necklace holds in the center of its massive pendant a breath-taking Lodolite Quartz which reveals through its transparency an intaglio carving representing a deer, as standing on the inclusions of the quartz.","og_url":"https:\/\/www.letourbillonmineral.com\/en\/product\/the-rainbow-deer-silver-necklace\/","og_site_name":"Le Tourbillon Min\u00e9ral","article_modified_time":"2022-02-16T14:07:14+00:00","og_image":[{"width":2560,"height":2560,"url":"https:\/\/www.letourbillonmineral.com\/wp-content\/uploads\/2022\/02\/AG-22-030-12-scaled.jpg","type":"image\/jpeg"}],"twitter_card":"summary_large_image","twitter_misc":{"Est. reading time":"2 minutes"},"schema":{"@context":"https:\/\/schema.org","@graph":[{"@type":"WebPage","@id":"https:\/\/www.letourbillonmineral.com\/en\/product\/the-rainbow-deer-silver-necklace\/","url":"https:\/\/www.letourbillonmineral.com\/en\/product\/the-rainbow-deer-silver-necklace\/","name":"~ The Rainbow Deer ~ Silver Necklace - Le Tourbillon Min\u00e9ral","isPartOf":{"@id":"https:\/\/www.letourbillonmineral.com\/en\/#website"},"primaryImageOfPage":{"@id":"https:\/\/www.letourbillonmineral.com\/en\/product\/the-rainbow-deer-silver-necklace\/#primaryimage"},"image":{"@id":"https:\/\/www.letourbillonmineral.com\/en\/product\/the-rainbow-deer-silver-necklace\/#primaryimage"},"thumbnailUrl":"https:\/\/www.letourbillonmineral.com\/wp-content\/uploads\/2022\/02\/AG-22-030-12-scaled.jpg","datePublished":"2022-02-16T13:59:46+00:00","dateModified":"2022-02-16T14:07:14+00:00","description":"The ~ Rainbow Deer ~ silver necklace holds in the center of its massive pendant a breath-taking Lodolite Quartz which reveals through its transparency an intaglio carving representing a deer, as standing on the inclusions of the quartz.","breadcrumb":{"@id":"https:\/\/www.letourbillonmineral.com\/en\/product\/the-rainbow-deer-silver-necklace\/#breadcrumb"},"inLanguage":"en-US","potentialAction":[{"@type":"ReadAction","target":["https:\/\/www.letourbillonmineral.com\/en\/product\/the-rainbow-deer-silver-necklace\/"]}]},{"@type":"ImageObject","inLanguage":"en-US","@id":"https:\/\/www.letourbillonmineral.com\/en\/product\/the-rainbow-deer-silver-necklace\/#primaryimage","url":"https:\/\/www.letourbillonmineral.com\/wp-content\/uploads\/2022\/02\/AG-22-030-12-scaled.jpg","contentUrl":"https:\/\/www.letourbillonmineral.com\/wp-content\/uploads\/2022\/02\/AG-22-030-12-scaled.jpg","width":2560,"height":2560},{"@type":"BreadcrumbList","@id":"https:\/\/www.letourbillonmineral.com\/en\/product\/the-rainbow-deer-silver-necklace\/#breadcrumb","itemListElement":[{"@type":"ListItem","position":1,"name":"Accueil","item":"https:\/\/www.letourbillonmineral.com\/en\/"},{"@type":"ListItem","position":2,"name":"Shop","item":"https:\/\/www.letourbillonmineral.com\/en\/shop\/"},{"@type":"ListItem","position":3,"name":"~ The Rainbow Deer ~ Silver Necklace"}]},{"@type":"WebSite","@id":"https:\/\/www.letourbillonmineral.com\/en\/#website","url":"https:\/\/www.letourbillonmineral.com\/en\/","name":"Le Tourbillon Min\u00e9ral","description":"Bijoux Wire Wrap en Pierres &amp; Argent, d&#039;inspiration celtique, m\u00e9di\u00e9vale et f\u00e9erique, \u00e0 la crois\u00e9e des temps anciens et des mondes imaginaires","publisher":{"@id":"https:\/\/www.letourbillonmineral.com\/en\/#organization"},"potentialAction":[{"@type":"SearchAction","target":{"@type":"EntryPoint","urlTemplate":"https:\/\/www.letourbillonmineral.com\/en\/?s={search_term_string}"},"query-input":{"@type":"PropertyValueSpecification","valueRequired":true,"valueName":"search_term_string"}}],"inLanguage":"en-US"},{"@type":"Organization","@id":"https:\/\/www.letourbillonmineral.com\/en\/#organization","name":"Le Tourbillon Min\u00e9ral","url":"https:\/\/www.letourbillonmineral.com\/en\/","logo":{"@type":"ImageObject","inLanguage":"en-US","@id":"https:\/\/www.letourbillonmineral.com\/en\/#\/schema\/logo\/image\/","url":"https:\/\/www.letourbillonmineral.com\/wp-content\/uploads\/2019\/10\/Ic\u00f4ne-Le-Tourbillon-Min\u00e9ral.png","contentUrl":"https:\/\/www.letourbillonmineral.com\/wp-content\/uploads\/2019\/10\/Ic\u00f4ne-Le-Tourbillon-Min\u00e9ral.png","width":1000,"height":1000,"caption":"Le Tourbillon Min\u00e9ral"},"image":{"@id":"https:\/\/www.letourbillonmineral.com\/en\/#\/schema\/logo\/image\/"}}]}},"_links":{"self":[{"href":"https:\/\/www.letourbillonmineral.com\/en\/wp-json\/wp\/v2\/product\/8063","targetHints":{"allow":["GET"]}}],"collection":[{"href":"https:\/\/www.letourbillonmineral.com\/en\/wp-json\/wp\/v2\/product"}],"about":[{"href":"https:\/\/www.letourbillonmineral.com\/en\/wp-json\/wp\/v2\/types\/product"}],"replies":[{"embeddable":true,"href":"https:\/\/www.letourbillonmineral.com\/en\/wp-json\/wp\/v2\/comments?post=8063"}],"wp:featuredmedia":[{"embeddable":true,"href":"https:\/\/www.letourbillonmineral.com\/en\/wp-json\/wp\/v2\/media\/8059"}],"wp:attachment":[{"href":"https:\/\/www.letourbillonmineral.com\/en\/wp-json\/wp\/v2\/media?parent=8063"}],"wp:term":[{"taxonomy":"product_brand","embeddable":true,"href":"https:\/\/www.letourbillonmineral.com\/en\/wp-json\/wp\/v2\/product_brand?post=8063"},{"taxonomy":"product_cat","embeddable":true,"href":"https:\/\/www.letourbillonmineral.com\/en\/wp-json\/wp\/v2\/product_cat?post=8063"},{"taxonomy":"product_tag","embeddable":true,"href":"https:\/\/www.letourbillonmineral.com\/en\/wp-json\/wp\/v2\/product_tag?post=8063"}],"curies":[{"name":"wp","href":"https:\/\/api.w.org\/{rel}","templated":true}]}}